{"id":2561,"date":"2021-04-04T11:08:43","date_gmt":"2021-04-04T11:08:43","guid":{"rendered":"https:\/\/babelrooms.net\/?page_id=2561"},"modified":"2021-04-26T00:41:27","modified_gmt":"2021-04-26T00:41:27","slug":"terminos-condiciones","status":"publish","type":"page","link":"https:\/\/babelrooms.es\/en\/terminos-condiciones\/","title":{"rendered":"Terms &amp; Conditions"},"content":{"rendered":"<p>Estos t\u00e9rminos y condiciones (que pueden ser modificados cada cierto tiempo)&nbsp;son aplicables a babelrooms.net  a trav\u00e9s de cualquier dispositivo m\u00f3vil, por correo electr\u00f3nico o por tel\u00e9fono. Al acceder, navegar y utilizar nuestro sitio web y\/o realizar una reserva, aceptas haber le\u00eddo, entendido y estar de acuerdo con los t\u00e9rminos y condiciones que se muestran a continuaci\u00f3n (incluyendo la <a href=\"http:\/\/babelrooms.net\/politica-de-privacidad\/\">pol\u00edticas&nbsp;de privacidad<\/a>).<\/p>\n\n\n\n<h2 class=\"wp-block-heading\">T\u00e9rminos de Servicio<\/h2>\n\n\n\n<p>Los consumidores pueden acceder a la plataforma europea de resoluci\u00f3n de litigios en l\u00ednea de la Comisi\u00f3n Europea aqu\u00ed:&nbsp;<a href=\"https:\/\/ec.europa.eu\/consumers\/odr\">https:\/\/ec.europa.eu\/consumers\/odr<\/a>. <strong>Babel rooms<\/strong> no se compromete ni est\u00e1 obligado a utilizar una entidad alternativa de resoluci\u00f3n de litigios para resolver conflictos con los consumidores.<\/p>\n\n\n\n<p>Los presentes T\u00e9rminos de Servicio(en lo sucesivo, \u00ab<strong>T\u00e9rminos<\/strong>\u00bb) constituyen un contrato legalmente vinculante entre el usuario y Babel rooms que rige el uso que el usuario haga de los sitios web, aplicaciones y dem\u00e1s ofertas de Babel rooms. Cuando estos T\u00e9rminos utilizan \u00ab<strong>Babel rooms<\/strong>\u00bb, \u00ab<strong>nosotros<\/strong>\u00bb, \u00ab<strong>nos<\/strong>\u00bb o \u00ab<strong>nuestro<\/strong>\u00bb, se refieren a la entidad de Babel rooms, con quien contrata el usuario.<\/p>\n\n\n\n<p>El sitio web Babel rooms ofrece un espacio en l\u00ednea que permite a los usuarios (en lo sucesivo, \u00ab<strong>Miembros<\/strong>\u00bb) publicar comentarios, buscar y reservar habitaciones y\/o apartamentos. Los Miembros que publican y ofrecen servicios son \u00ab<strong>Anfitriones<\/strong>\u00bb y los Miembros que buscan, reservan o utilizan servicios son \u00ab<strong>Hu\u00e9spedes<\/strong>\u00bb. Los Anfitriones ofrecen alojamiento (en lo sucesivo, \u00ab<strong>Alojamiento<\/strong>\u00bb), actividades, excursiones y eventos (denominados, conjuntamente, \u00ab<strong>Experiencias<\/strong>).<\/p>\n\n\n\n<p>Babel rooms aplica otras&nbsp;<strong>condiciones y pol\u00edticas<\/strong> que complementan los presentes T\u00e9rminos, como la&nbsp;<a href=\"https:\/\/www.babelrooms.net\/politica-de-privacidad\/\" target=\"_blank\" rel=\"noreferrer noopener\"><\/a><a href=\"http:\/\/babelrooms.net\/politica-de-privacidad\/\" target=\"_blank\" rel=\"noreferrer noopener\">Pol\u00edticas&nbsp;de privacidad<\/a>, que define la forma en que Babel rooms recoge y utiliza los datos personales, y los T\u00e9rminos de Pago que rigen cualquier servicio de pago prestado a los Miembros por las entidades de pago de Babel rooms (en lo sucesivo, \u00ab<strong>Babel rooms Payments<\/strong>\u00bb).<\/p>\n\n\n\n<p>El Anfitri\u00f3n es responsable de entender y cumplir todas las leyes, normas, reglamentos y contratos con terceros que sean aplicables a sus Servicios de Anfitri\u00f3n.<\/p>\n\n\n\n<h2 class=\"wp-block-heading\"><strong>Condiciones aplicables a los Hu\u00e9spedes<\/strong><\/h2>\n\n\n\n<h3 class=\"wp-block-heading\" id=\"EU1\">1<strong>. Buscar y reservar con Babel rooms<\/strong>.<\/h3>\n\n\n\n<p><strong>1.1 B\u00fasqueda<\/strong>. Se pueden buscar aplicando par\u00e1metros de b\u00fasqueda, como son las fechas y el n\u00famero de hu\u00e9spedes. Los resultados de la b\u00fasqueda se basan en la coincidencia con los par\u00e1metros de b\u00fasqueda para la ciudad de M\u00e1laga. Se tienen en cuenta factores como el precio y la disponibilidad y el n\u00famero m\u00ednimo o m\u00e1ximo de noches.<\/p>\n\n\n\n<p><strong>1.2 Reserva<\/strong>. Al reservar un alojamiento, usted acepta pagar todas las tarifas aplicables, como la&nbsp;<strong>comisi\u00f3n<\/strong> del servicio de Babel rooms, los&nbsp;<strong>impuestos<\/strong>&nbsp;y cualquier otro concepto apreciado en la p\u00e1gina de pago, (denominados, conjuntamente, \u00ab<strong>Precio total<\/strong>\u00bb). Asimismo, acepta que, en el momento de pagar, <strong>Babel rooms Payments<\/strong> pueda aplicar y cobrar cualquier&nbsp;<strong>fianza<\/strong>&nbsp;constituida. Si se va a alojar por temporada (por meses) usted deber\u00e1 pagar una fianza equivalente a la mitad del precio por mes de alquiler que ser\u00e1 devuelto al finalizar la estad\u00eda en Babel rooms.<\/p>\n\n\n\n<p>Al recibir la confirmaci\u00f3n de la reserva, queda formalizado un contrato de Servicios de Anfitri\u00f3n entre usted y el Anfitri\u00f3n (en ocasiones, denominado \u00abreserva\u00bb en los presentes T\u00e9rminos). La pol\u00edtica de cancelaci\u00f3n y cualquier otra regla, norma, pol\u00edtica o requisito que aparezca en el Anuncio o en la p\u00e1gina de pago forman parte del contrato entre el usted y el Anfitri\u00f3n. <\/p>\n\n\n\n<p><strong>1.3 Reservas de alojamiento<\/strong>. Una reserva de Alojamiento constituye una licencia limitada para acceder, ocupar y utilizar el Alojamiento. El Anfitri\u00f3n se reserva el derecho de acceder al Alojamiento durante la estancia del Hu\u00e9sped, siempre que: i) sea razonablemente necesario, ii) est\u00e9 permitido por el contrato suscrito entre usted y el Anfitri\u00f3n y iii) lo permita la legislaci\u00f3n aplicable. Si usted permanece en el Alojamiento una vez transcurrida la hora de salida, el Anfitri\u00f3n podr\u00e1 obligarlo a salir por medios legales, incluida la imposici\u00f3n de penalizaciones razonables. Usted no podr\u00e1 exceder el n\u00famero m\u00e1ximo de hu\u00e9spedes permitido.<\/p>\n\n\n\n<h3 class=\"wp-block-heading\"><strong>2. Cancelaciones, Contratiempos de Viaje, Reembolsos y Modificaciones de Reservas<\/strong>.<\/h3>\n\n\n\n<p><strong>2.1 Cancelaciones, contratiempos y reembolsos<\/strong>. Por lo general, si usted cancela una reserva, el importe reembolsado depender\u00e1 de la&nbsp;<strong>pol\u00edtica de cancelaci\u00f3n<\/strong>&nbsp;que se aplique a esa reserva (En vigor, <strong>cancelaci\u00f3n gratis<\/strong> 24 horas antes de la fecha de reservaci\u00f3n). No obstante, en ciertas situaciones prevalecen otras pol\u00edticas y estas determinan qu\u00e9 cantidad se procede a reembolsarle, por ejemplo, cantidad de d\u00edas de antelaci\u00f3n con que se reserva un apartamento o habitaci\u00f3n, pandemia, etc. previa colegiaci\u00f3n con el el anfitri\u00f3n v\u00eda mail, sms, Whatssap.  Si alguna causa ajena a usted le obliga a cancelar una reserva, puede tener derecho a un reembolso parcial o total. Si el Anfitri\u00f3n cancela la reserva o si usted sufre un Contratiempo usted puede tener derecho a recibir asistencia para realizar una nueva reserva o para obtener un reembolso completo o parcial por parte de Babel rooms. <\/p>\n\n\n\n<p><strong>2.2 Modificaciones de reservas<\/strong>. Anfitriones y Hu\u00e9spedes son responsables de cuantas modificaciones de reservas acepten realizar a trav\u00e9s del sitio babelrooms.net o que ordenen realizar al servicio de Atenci\u00f3n al Cliente de Babel rooms en su nombre (en lo sucesivo, \u00ab<strong>Modificaciones de Reservas<\/strong>\u00bb), y aceptan abonar cualquier importe, tarifa o impuesto adicional asociado a cualquier Modificaci\u00f3n de la Reserva.<\/p>\n\n\n\n<h3 class=\"wp-block-heading\" id=\"4\"><strong>3. Responsabilidades del Hu\u00e9sped<\/strong>.<\/h3>\n\n\n\n<p id=\"EU4\">Usted es responsable de sus propios actos, omisiones y tambi\u00e9n de los actos y omisiones de cualesquiera personas que usted invite o a las que proporcione acceso al Alojamiento o Experiencia. Esto significa, en particular: i) que usted es responsable de dejar el Alojamiento (y los correspondientes bienes muebles) en las mismas condiciones en las que se encontraban al llegar, y ii) usted debe actuar con integridad, tratar a los dem\u00e1s con respeto y cumplir con las leyes aplicables en todo momento. En caso de reservar para un hu\u00e9sped adicional menor de edad o de llevar a un menor a un Servicio de Anfitri\u00f3n, usted debe estar legalmente autorizado para actuar en nombre del menor y ser\u00e1 el \u00fanico responsable de su vigilancia.<\/p>\n\n\n\n<h3 class=\"wp-block-heading\">4. <strong>Condiciones aplicables de Babel rooms<\/strong><\/h3>\n\n\n\n<p id=\"EU5\">4.1<strong> Contrataci\u00f3n con los Hu\u00e9spedes<\/strong>. Cuando usted acepta una solicitud de reserva o recibe una confirmaci\u00f3n de reserva a trav\u00e9s del sitio babelrooms.net, suscribe un contrato directamente con el Hu\u00e9sped, y es el responsable de prestar el Servicio de Anfitri\u00f3n en las condiciones y al precio especificados en su Anuncio. Tambi\u00e9n acepta pagar las tarifas aplicables, como la&nbsp;comisi\u00f3n de servicio&nbsp;(y los&nbsp;impuestos&nbsp;aplicables) por cada reserva. Babel rooms Payments deducir\u00e1 los importes adeudados a menos que usted acuerde con Babel rooms un m\u00e9todo diferente. Los t\u00e9rminos o condiciones que usted incluya en cualquier contrato complementario con el Hu\u00e9sped: i) deber\u00e1n ser conformes con los presentes T\u00e9rminos, con las&nbsp;<a href=\"http:\/\/babelrooms.net\/politica-de-privacidad\/\" target=\"_blank\" rel=\"noreferrer noopener\">Pol\u00edticas&nbsp;de privacidad<\/a>, y con la informaci\u00f3n proporcionada por le hu\u00e9sped, y ii) deber\u00e1n aparecer de forma destacada en la descripci\u00f3n del contrato.<\/p>\n\n\n\n<p><strong>4.2 Derecho de admisi\u00f3n<\/strong>. A su exclusivo criterio, el anfitri\u00f3n decide si presta o no el Servicio de Anfitri\u00f3n, como, cu\u00e1ndo y en qu\u00e9 condiciones.<\/p>\n\n\n\n<h3 class=\"wp-block-heading\">5. Condiciones generales<\/h3>\n\n\n\n<p id=\"EU9\"><strong>5. 1 Evaluaciones<\/strong>. Los Hu\u00e9spedes tienen la oportunidad de evaluar las habitaciones y apartamentos. Su valoraci\u00f3n debe ser veraz y no debe contener t\u00e9rminos discriminatorios, ofensivos o difamatorios. Babel rooms no verifica la veracidad de las evaluaciones, de modo que pueden ser incorrectas o enga\u00f1osas.<\/p>\n\n\n\n<p><strong> Contacto con Babel rooms<\/strong>. Si tiene alguna pregunta acerca de los presentes T\u00e9rminos, puede enviarnos un&nbsp;<a href=\"mailto:babelrooms@gmail.com\">correo electr\u00f3nic<\/a><a href=\"mailto:terms@airbnb.com\">o<\/a>.<\/p>","protected":false},"excerpt":{"rendered":"<p>Estos t\u00e9rminos y condiciones (que pueden ser modificados cada cierto tiempo)&nbsp;son aplicables a babelrooms.net a trav\u00e9s de cualquier dispositivo m\u00f3vil, por correo electr\u00f3nico o por tel\u00e9fono. Al acceder, navegar y utilizar nuestro sitio web y\/o realizar una reserva, aceptas haber le\u00eddo, entendido y estar de acuerdo con los t\u00e9rminos y condiciones que se muestran a [&hellip;]<\/p>","protected":false},"author":3,"featured_media":0,"parent":0,"menu_order":0,"comment_status":"closed","ping_status":"closed","template":"","meta":{"_et_pb_use_builder":"off","_et_pb_old_content":"","_et_gb_content_width":"","_monsterinsights_skip_tracking":false,"_monsterinsights_sitenote_active":false,"_monsterinsights_sitenote_note":"","_monsterinsights_sitenote_category":0,"footnotes":""},"class_list":["post-2561","page","type-page","status-publish","hentry"],"yoast_head":"<!-- This site is optimized with the Yoast SEO plugin v27.3 - https:\/\/yoast.com\/product\/yoast-seo-wordpress\/ -->\n<title>T\u00e9rminos y condiciones - Babel Rooms<\/title>\n<meta name=\"description\" content=\"Estos t\u00e9rminos y condiciones (que pueden ser modificados cada cierto tiempo)&nbsp;son aplicables a babelrooms.net a trav\u00e9s de cualquier dispositivo m\u00f3vil,\" \/>\n<meta name=\"robots\" content=\"index, follow, max-snippet:-1, max-image-preview:large, max-video-preview:-1\" \/>\n<link rel=\"canonical\" href=\"https:\/\/babelrooms.es\/en\/terminos-condiciones\/\" \/>\n<meta property=\"og:locale\" content=\"en_US\" \/>\n<meta property=\"og:type\" content=\"article\" \/>\n<meta property=\"og:title\" content=\"T\u00e9rminos y condiciones - Babel Rooms\" \/>\n<meta property=\"og:description\" content=\"Estos t\u00e9rminos y condiciones (que pueden ser modificados cada cierto tiempo)&nbsp;son aplicables a babelrooms.net a trav\u00e9s de cualquier dispositivo m\u00f3vil,\" \/>\n<meta property=\"og:url\" content=\"https:\/\/babelrooms.es\/en\/terminos-condiciones\/\" \/>\n<meta property=\"og:site_name\" content=\"Babel Rooms\" \/>\n<meta property=\"article:publisher\" content=\"https:\/\/www.facebook.com\/apartamentosbabelmalaga\/\" \/>\n<meta property=\"article:modified_time\" content=\"2021-04-26T00:41:27+00:00\" \/>\n<meta property=\"og:image\" content=\"https:\/\/babelrooms.es\/wp-content\/uploads\/2020\/06\/Circulo-BR-Rojo-BabelRooms.png\" \/>\n\t<meta property=\"og:image:width\" content=\"300\" \/>\n\t<meta property=\"og:image:height\" content=\"300\" \/>\n\t<meta property=\"og:image:type\" content=\"image\/png\" \/>\n<meta name=\"twitter:card\" content=\"summary_large_image\" \/>\n<meta name=\"twitter:label1\" content=\"Est. reading time\" \/>\n\t<meta name=\"twitter:data1\" content=\"6 minutes\" \/>\n<script type=\"application\/ld+json\" class=\"yoast-schema-graph\">{\"@context\":\"https:\\\/\\\/schema.org\",\"@graph\":[{\"@type\":\"WebPage\",\"@id\":\"https:\\\/\\\/babelrooms.es\\\/terminos-condiciones\\\/\",\"url\":\"https:\\\/\\\/babelrooms.es\\\/terminos-condiciones\\\/\",\"name\":\"T\u00e9rminos y condiciones - Babel Rooms\",\"isPartOf\":{\"@id\":\"https:\\\/\\\/babelrooms.es\\\/#website\"},\"datePublished\":\"2021-04-04T11:08:43+00:00\",\"dateModified\":\"2021-04-26T00:41:27+00:00\",\"description\":\"Estos t\u00e9rminos y condiciones (que pueden ser modificados cada cierto tiempo)&nbsp;son aplicables a babelrooms.net a trav\u00e9s de cualquier dispositivo m\u00f3vil,\",\"breadcrumb\":{\"@id\":\"https:\\\/\\\/babelrooms.es\\\/terminos-condiciones\\\/#breadcrumb\"},\"inLanguage\":\"en-US\",\"potentialAction\":[{\"@type\":\"ReadAction\",\"target\":[\"https:\\\/\\\/babelrooms.es\\\/terminos-condiciones\\\/\"]}]},{\"@type\":\"BreadcrumbList\",\"@id\":\"https:\\\/\\\/babelrooms.es\\\/terminos-condiciones\\\/#breadcrumb\",\"itemListElement\":[{\"@type\":\"ListItem\",\"position\":1,\"name\":\"Portada\",\"item\":\"https:\\\/\\\/babelrooms.es\\\/\"},{\"@type\":\"ListItem\",\"position\":2,\"name\":\"T\u00e9rminos y condiciones\"}]},{\"@type\":\"WebSite\",\"@id\":\"https:\\\/\\\/babelrooms.es\\\/#website\",\"url\":\"https:\\\/\\\/babelrooms.es\\\/\",\"name\":\"Babel Rooms\",\"description\":\"Gestiones apartamentos tur\u00edsticos e inmobiliarias.\",\"publisher\":{\"@id\":\"https:\\\/\\\/babelrooms.es\\\/#organization\"},\"potentialAction\":[{\"@type\":\"SearchAction\",\"target\":{\"@type\":\"EntryPoint\",\"urlTemplate\":\"https:\\\/\\\/babelrooms.es\\\/?s={search_term_string}\"},\"query-input\":{\"@type\":\"PropertyValueSpecification\",\"valueRequired\":true,\"valueName\":\"search_term_string\"}}],\"inLanguage\":\"en-US\"},{\"@type\":\"Organization\",\"@id\":\"https:\\\/\\\/babelrooms.es\\\/#organization\",\"name\":\"Babelrooms\",\"url\":\"https:\\\/\\\/babelrooms.es\\\/\",\"logo\":{\"@type\":\"ImageObject\",\"inLanguage\":\"en-US\",\"@id\":\"https:\\\/\\\/babelrooms.es\\\/#\\\/schema\\\/logo\\\/image\\\/\",\"url\":\"https:\\\/\\\/babelrooms.es\\\/wp-content\\\/uploads\\\/2021\\\/03\\\/Logo-120x120-optmizado-min.png\",\"contentUrl\":\"https:\\\/\\\/babelrooms.es\\\/wp-content\\\/uploads\\\/2021\\\/03\\\/Logo-120x120-optmizado-min.png\",\"width\":120,\"height\":120,\"caption\":\"Babelrooms\"},\"image\":{\"@id\":\"https:\\\/\\\/babelrooms.es\\\/#\\\/schema\\\/logo\\\/image\\\/\"},\"sameAs\":[\"https:\\\/\\\/www.facebook.com\\\/apartamentosbabelmalaga\\\/\",\"https:\\\/\\\/www.instagram.com\\\/apartamentosbabelmalaga\\\/\"]}]}<\/script>\n<!-- \/ Yoast SEO plugin. -->","yoast_head_json":{"title":"T\u00e9rminos y condiciones - Babel Rooms","description":"Estos t\u00e9rminos y condiciones (que pueden ser modificados cada cierto tiempo)&nbsp;son aplicables a babelrooms.net a trav\u00e9s de cualquier dispositivo m\u00f3vil,","robots":{"index":"index","follow":"follow","max-snippet":"max-snippet:-1","max-image-preview":"max-image-preview:large","max-video-preview":"max-video-preview:-1"},"canonical":"https:\/\/babelrooms.es\/en\/terminos-condiciones\/","og_locale":"en_US","og_type":"article","og_title":"T\u00e9rminos y condiciones - Babel Rooms","og_description":"Estos t\u00e9rminos y condiciones (que pueden ser modificados cada cierto tiempo)&nbsp;son aplicables a babelrooms.net a trav\u00e9s de cualquier dispositivo m\u00f3vil,","og_url":"https:\/\/babelrooms.es\/en\/terminos-condiciones\/","og_site_name":"Babel Rooms","article_publisher":"https:\/\/www.facebook.com\/apartamentosbabelmalaga\/","article_modified_time":"2021-04-26T00:41:27+00:00","og_image":[{"width":300,"height":300,"url":"https:\/\/babelrooms.es\/wp-content\/uploads\/2020\/06\/Circulo-BR-Rojo-BabelRooms.png","type":"image\/png"}],"twitter_card":"summary_large_image","twitter_misc":{"Est. reading time":"6 minutes"},"schema":{"@context":"https:\/\/schema.org","@graph":[{"@type":"WebPage","@id":"https:\/\/babelrooms.es\/terminos-condiciones\/","url":"https:\/\/babelrooms.es\/terminos-condiciones\/","name":"T\u00e9rminos y condiciones - Babel Rooms","isPartOf":{"@id":"https:\/\/babelrooms.es\/#website"},"datePublished":"2021-04-04T11:08:43+00:00","dateModified":"2021-04-26T00:41:27+00:00","description":"Estos t\u00e9rminos y condiciones (que pueden ser modificados cada cierto tiempo)&nbsp;son aplicables a babelrooms.net a trav\u00e9s de cualquier dispositivo m\u00f3vil,","breadcrumb":{"@id":"https:\/\/babelrooms.es\/terminos-condiciones\/#breadcrumb"},"inLanguage":"en-US","potentialAction":[{"@type":"ReadAction","target":["https:\/\/babelrooms.es\/terminos-condiciones\/"]}]},{"@type":"BreadcrumbList","@id":"https:\/\/babelrooms.es\/terminos-condiciones\/#breadcrumb","itemListElement":[{"@type":"ListItem","position":1,"name":"Portada","item":"https:\/\/babelrooms.es\/"},{"@type":"ListItem","position":2,"name":"T\u00e9rminos y condiciones"}]},{"@type":"WebSite","@id":"https:\/\/babelrooms.es\/#website","url":"https:\/\/babelrooms.es\/","name":"Babel Rooms","description":"Gestiones apartamentos tur\u00edsticos e inmobiliarias.","publisher":{"@id":"https:\/\/babelrooms.es\/#organization"},"potentialAction":[{"@type":"SearchAction","target":{"@type":"EntryPoint","urlTemplate":"https:\/\/babelrooms.es\/?s={search_term_string}"},"query-input":{"@type":"PropertyValueSpecification","valueRequired":true,"valueName":"search_term_string"}}],"inLanguage":"en-US"},{"@type":"Organization","@id":"https:\/\/babelrooms.es\/#organization","name":"Babelrooms","url":"https:\/\/babelrooms.es\/","logo":{"@type":"ImageObject","inLanguage":"en-US","@id":"https:\/\/babelrooms.es\/#\/schema\/logo\/image\/","url":"https:\/\/babelrooms.es\/wp-content\/uploads\/2021\/03\/Logo-120x120-optmizado-min.png","contentUrl":"https:\/\/babelrooms.es\/wp-content\/uploads\/2021\/03\/Logo-120x120-optmizado-min.png","width":120,"height":120,"caption":"Babelrooms"},"image":{"@id":"https:\/\/babelrooms.es\/#\/schema\/logo\/image\/"},"sameAs":["https:\/\/www.facebook.com\/apartamentosbabelmalaga\/","https:\/\/www.instagram.com\/apartamentosbabelmalaga\/"]}]}},"_links":{"self":[{"href":"https:\/\/babelrooms.es\/en\/wp-json\/wp\/v2\/pages\/2561","targetHints":{"allow":["GET"]}}],"collection":[{"href":"https:\/\/babelrooms.es\/en\/wp-json\/wp\/v2\/pages"}],"about":[{"href":"https:\/\/babelrooms.es\/en\/wp-json\/wp\/v2\/types\/page"}],"author":[{"embeddable":true,"href":"https:\/\/babelrooms.es\/en\/wp-json\/wp\/v2\/users\/3"}],"replies":[{"embeddable":true,"href":"https:\/\/babelrooms.es\/en\/wp-json\/wp\/v2\/comments?post=2561"}],"version-history":[{"count":0,"href":"https:\/\/babelrooms.es\/en\/wp-json\/wp\/v2\/pages\/2561\/revisions"}],"wp:attachment":[{"href":"https:\/\/babelrooms.es\/en\/wp-json\/wp\/v2\/media?parent=2561"}],"curies":[{"name":"wp","href":"https:\/\/api.w.org\/{rel}","templated":true}]}}