{"id":1864,"date":"2021-03-02T10:45:48","date_gmt":"2021-03-02T10:45:48","guid":{"rendered":"https:\/\/babelrooms.net\/?page_id=1864"},"modified":"2021-04-26T00:39:47","modified_gmt":"2021-04-26T00:39:47","slug":"aviso-legal","status":"publish","type":"page","link":"https:\/\/babelrooms.es\/en\/aviso-legal\/","title":{"rendered":"Legal notice"},"content":{"rendered":"<p id=\"h-de-conformidad-con-lo-dispuesto-en-el-reglamento-general-ue-sobre-protecci-n-de-datos-mediante-la-aceptaci-n-de-la-presente-pol-tica-de-privacidad-prestas-tu-consentimiento-informado-expreso-libre-e-inequ-voco-para-que-los-datos-personales-que-proporciones-a-trav-s-de-la-p-gina-web-https-babelrooms-net-en-adelante-sitio-web-sean-incluidos-en-un-fichero-de-usuarios-web-y-suscriptores-as-como-clientes-y-o-proveedores\">In accordance with the provisions of the General Regulation (EU) on Data Protection, by accepting this Privacy Policy you give your informed consent, express, free and unambiguous so that the personal data you provide through the website https:\/\/babelrooms.net (hereinafter WEBSITE) are included in a file of \"WEB USERS AND SUBSCRIBERS\" as well as \"CUSTOMERS AND\/OR SUPPLIERS\":<\/p>\n\n\n\n<h2 class=\"wp-block-heading\" id=\"h-1-datos-identificativos\">1. DATOS IDENTIFICATIVOS<\/h2>\n\n\n\n<p>En cumplimiento con el deber de informaci\u00f3n recogido en art\u00edculo 10 de la Ley 34\/2002, de 11 de julio, de Servicios de la Sociedad de la Informaci\u00f3n y del Comercio Electr\u00f3nico, a continuaci\u00f3n se reflejan los siguientes datos: la empresa titular de www.babelrooms.net es:<\/p>\n\n\n\n<p><strong>Denominaci\u00f3n social es:<\/strong> NONO HOME S.L.<br><strong>CIF<\/strong>: B-93319167<br>Domicilio social: C\/ Carlos Valverde, 3, 29018 M\u00e1laga.<br><strong>E-mail:<\/strong> babelrooms@gmail.com  <strong>Tel\u00e9fono de contacto:<\/strong> +34 617 1885 49<br>Actividad social: arrendamiento de bienes inmuebles. <\/p>\n\n\n\n<p>Todo ello debidamente inscrito ante la agencia Espa\u00f1ola de Protecci\u00f3n de Datos y respecto del que NONO HOME S.L garantiza que se han aplicado las medidas de seguridad tanto organizativas como t\u00e9cnicas requeridas por el RGPD.<\/p>\n\n\n\n<h2 class=\"wp-block-heading\" id=\"h-2-cumplimiento-de-la-normativa-de-aplicaci-n\">2. CUMPLIMIENTO DE LA NORMATIVA DE APLICACI\u00d3N.<\/h2>\n\n\n\n<p>NONO HOME S.L to date complies with the guidelines of the Organic Law 15\/1999 of 13 December on the Protection of Personal Data, the Royal Decree 1720\/2007 of 21 December which approves the Regulations for the implementation of this Organic Law and other regulations in force and applicable at all times, ensuring the correct use and processing of the user\u2019s personal data.<\/p>\n\n\n\n<p>A partir de mayo de 2018, nos regiremos por la normativa que entrar\u00e1 en aplicaci\u00f3n, siendo el Reglamento General sobre Protecci\u00f3n de Datos (RGPD) de la Uni\u00f3n Europea. Asimismo, NONO HOME S.L informa que da cumplimiento a la Ley 34\/2002 de 11 de julio, de Servicios de la Sociedad de la Informaci\u00f3n y el Comercio Electr\u00f3nico y le solicitar\u00e1 su consentimiento al USUARIO para el tratamiento de su correo electr\u00f3nico con fines comerciales en cada momento.<\/p>\n\n\n\n<p>In compliance with the regulations, we inform you that the data provided, as well as those data derived from your navigation, may be stored in the files of NONO HOME S.L and processed for the purpose of meeting your request and maintaining the relationship established in the forms you subscribe.<\/p>\n\n\n\n<p>Adicionalmente, el USUARIO consiente el tratamiento de sus datos con la finalidad de informarles, por cualquier medio, incluido el correo electr\u00f3nico, de productos y servicios de NONO HOME S.L. En caso de no autorizar el tratamiento de sus datos con la finalidad se\u00f1alada anteriormente, el USUARIO podr\u00e1 ejercer su derecho de oposici\u00f3n al tratamiento de sus datos en los t\u00e9rminos y condiciones previstos m\u00e1s adelante en el apartado \u201cEjercicio de Derechos\u201d.<\/p>\n\n\n\n<h2 class=\"wp-block-heading\" id=\"h-3-propiedad-intelectual-e-industrial\">3. PROPIEDAD INTELECTUAL E INDUSTRIAL<\/h2>\n\n\n\n<p>babelrooms.net es titular de todos los derechos de propiedad intelectual e industrial de su p\u00e1gina web, as\u00ed como de los elementos contenidos en la misma (a t\u00edtulo enunciativo, im\u00e1genes, sonido, audio, v\u00eddeo, software o textos; marcas o logotipos, combinaciones de colores, estructura y dise\u00f1o, selecci\u00f3n de materiales usados, programas de ordenador necesarios para su funcionamiento, acceso y uso, etc.), titularidad de babelrooms.net o bien de sus licenciantes. Todos los derechos reservados. En virtud de lo dispuesto en los art\u00edculos 8 y 32.1, p\u00e1rrafo segundo, de la Ley de Propiedad Intelectual, quedan expresamente prohibidas la reproducci\u00f3n, la distribuci\u00f3n y la comunicaci\u00f3n p\u00fablica, incluida su modalidad de puesta a disposici\u00f3n, de la totalidad o parte de los contenidos de esta p\u00e1gina web, con fines comerciales, en cualquier soporte y por cualquier medio t\u00e9cnico, sin la autorizaci\u00f3n de babelrooms.net. El usuario se compromete a respetar los derechos de Propiedad Intelectual e Industrial titularidad de babelrooms.net.<\/p>\n\n\n\n<h2 class=\"wp-block-heading\" id=\"h-4-links-o-enlaces-externos\">4. LINKS O ENLACES EXTERNOS<\/h2>\n\n\n\n<p>Como un servicio a nuestros visitantes, nuestro sitio web puede incluir hiperv\u00ednculos a otros sitios que no son operados o controlados por el Sitio Web. Por ello https:\/\/www.babelrooms.net\/ no garantiza, ni se hace responsable de la licitud, fiabilidad, utilidad, veracidad y actualidad de los contenidos de tales sitios web o de sus pr\u00e1cticas de privacidad. Por favor, antes de proporcionar su informaci\u00f3n personal a estos sitios web ajenos a babelrooms.net, tenga en cuenta que sus pr\u00e1cticas de privacidad pueden diferir de las nuestras.<\/p>\n\n\n\n<p>El \u00fanico objeto de los enlaces es proporcionar al Usuario la posibilidad de acceder a dichos enlaces y conocer nuestro trabajo, aunque babelrooms.net no ofrece ni comercializa por s\u00ed ni por medio de terceros la informaci\u00f3n, contenidos y servicios disponibles en los sitios enlazados, ni aprueba, supervisa o controla en modo alguno los contenidos y servicios y cualquier material de cualquier naturaleza existente en los mismos. babelrooms.net no se responsabiliza en ning\u00fan caso de los resultados que puedan derivarse al Usuario por acceso a dichos enlaces.<\/p>\n\n\n\n<p><strong>De manera general<\/strong>, en el caso de que en babelrooms.net se dispusiesen enlaces o hiperv\u00ednculos hac\u00eda otros sitios de Internet, babelrooms.net no ejercer\u00e1 ning\u00fan tipo de control sobre dichos sitios y contenidos. En ning\u00fan caso babelrooms.net asumir\u00e1 responsabilidad alguna por los contenidos de alg\u00fan enlace perteneciente a un sitio web ajeno.<\/p>\n\n\n\n<h2 class=\"wp-block-heading\" id=\"h-5-limitaci-n-de-responsabilidad\">5. LIMITACI\u00d3N DE RESPONSABILIDAD<\/h2>\n\n\n\n<p>babelrooms.net no se hace responsable, en ning\u00fan caso, de los da\u00f1os y perjuicios de cualquier naturaleza que pudieran ocasionar, a t\u00edtulo enunciativo, errores u omisiones en los contenidos, falta de disponibilidad del portal o la transmisi\u00f3n de virus o programas maliciosos o lesivos en los contenidos, a pesar de haber adoptado todas las medidas tecnol\u00f3gicas necesarias para evitarlo.<\/p>\n\n\n\n<h2 class=\"wp-block-heading\" id=\"h-6-modificaciones-y-actualizaciones\">6-MODIFICACIONES Y ACTUALIZACIONES<\/h2>\n\n\n\n<p>babelrooms.net se reserva la facultad de efectuar, en cualquier momento y sin necesidad de previo aviso, modificaciones y actualizaciones de la informaci\u00f3n contenida en la web, de la configuraci\u00f3n, disponibilidad y presentaci\u00f3n de \u00e9sta.<\/p>","protected":false},"excerpt":{"rendered":"<p>De conformidad con lo dispuesto en el Reglamento General (UE) Sobre Protecci\u00f3n de Datos, mediante la aceptaci\u00f3n de la presente Pol\u00edtica de Privacidad prestas tu consentimiento informado, expreso, libre e inequ\u00edvoco para que los datos personales que proporciones a trav\u00e9s de la p\u00e1gina web https:\/\/babelrooms.net (en adelante SITIO WEB) sean incluidos en un fichero de [&hellip;]<\/p>","protected":false},"author":3,"featured_media":0,"parent":0,"menu_order":0,"comment_status":"closed","ping_status":"closed","template":"","meta":{"_et_pb_use_builder":"","_et_pb_old_content":"","_et_gb_content_width":"","_monsterinsights_skip_tracking":false,"_monsterinsights_sitenote_active":false,"_monsterinsights_sitenote_note":"","_monsterinsights_sitenote_category":0,"footnotes":""},"class_list":["post-1864","page","type-page","status-publish","hentry"],"yoast_head":"<!-- This site is optimized with the Yoast SEO plugin v27.3 - https:\/\/yoast.com\/product\/yoast-seo-wordpress\/ -->\n<title>Aviso legal - Babel Rooms<\/title>\n<meta name=\"description\" content=\"De conformidad con lo dispuesto en el Reglamento General (UE) Sobre Protecci\u00f3n de Datos, mediante la aceptaci\u00f3n de la presente Pol\u00edtica de Privacidad\" \/>\n<meta name=\"robots\" content=\"index, nofollow, max-snippet:-1, max-image-preview:large, max-video-preview:-1\" \/>\n<link rel=\"canonical\" href=\"https:\/\/babelrooms.es\/en\/aviso-legal\/\" \/>\n<meta property=\"og:locale\" content=\"en_US\" \/>\n<meta property=\"og:type\" content=\"article\" \/>\n<meta property=\"og:title\" content=\"Aviso legal - Babel Rooms\" \/>\n<meta property=\"og:description\" content=\"De conformidad con lo dispuesto en el Reglamento General (UE) Sobre Protecci\u00f3n de Datos, mediante la aceptaci\u00f3n de la presente Pol\u00edtica de Privacidad\" \/>\n<meta property=\"og:url\" content=\"https:\/\/babelrooms.es\/en\/aviso-legal\/\" \/>\n<meta property=\"og:site_name\" content=\"Babel Rooms\" \/>\n<meta property=\"article:publisher\" content=\"https:\/\/www.facebook.com\/apartamentosbabelmalaga\/\" \/>\n<meta property=\"article:modified_time\" content=\"2021-04-26T00:39:47+00:00\" \/>\n<meta property=\"og:image\" content=\"https:\/\/babelrooms.es\/wp-content\/uploads\/2020\/06\/Circulo-BR-Rojo-BabelRooms.png\" \/>\n\t<meta property=\"og:image:width\" content=\"300\" \/>\n\t<meta property=\"og:image:height\" content=\"300\" \/>\n\t<meta property=\"og:image:type\" content=\"image\/png\" \/>\n<meta name=\"twitter:card\" content=\"summary_large_image\" \/>\n<meta name=\"twitter:label1\" content=\"Est. reading time\" \/>\n\t<meta name=\"twitter:data1\" content=\"5 minutes\" \/>\n<script type=\"application\/ld+json\" class=\"yoast-schema-graph\">{\"@context\":\"https:\\\/\\\/schema.org\",\"@graph\":[{\"@type\":\"WebPage\",\"@id\":\"https:\\\/\\\/babelrooms.es\\\/aviso-legal\\\/\",\"url\":\"https:\\\/\\\/babelrooms.es\\\/aviso-legal\\\/\",\"name\":\"Aviso legal - Babel Rooms\",\"isPartOf\":{\"@id\":\"https:\\\/\\\/babelrooms.es\\\/#website\"},\"datePublished\":\"2021-03-02T10:45:48+00:00\",\"dateModified\":\"2021-04-26T00:39:47+00:00\",\"description\":\"De conformidad con lo dispuesto en el Reglamento General (UE) Sobre Protecci\u00f3n de Datos, mediante la aceptaci\u00f3n de la presente Pol\u00edtica de Privacidad\",\"breadcrumb\":{\"@id\":\"https:\\\/\\\/babelrooms.es\\\/aviso-legal\\\/#breadcrumb\"},\"inLanguage\":\"en-US\",\"potentialAction\":[{\"@type\":\"ReadAction\",\"target\":[\"https:\\\/\\\/babelrooms.es\\\/aviso-legal\\\/\"]}]},{\"@type\":\"BreadcrumbList\",\"@id\":\"https:\\\/\\\/babelrooms.es\\\/aviso-legal\\\/#breadcrumb\",\"itemListElement\":[{\"@type\":\"ListItem\",\"position\":1,\"name\":\"Portada\",\"item\":\"https:\\\/\\\/babelrooms.es\\\/\"},{\"@type\":\"ListItem\",\"position\":2,\"name\":\"Aviso legal\"}]},{\"@type\":\"WebSite\",\"@id\":\"https:\\\/\\\/babelrooms.es\\\/#website\",\"url\":\"https:\\\/\\\/babelrooms.es\\\/\",\"name\":\"Babel Rooms\",\"description\":\"Gestiones apartamentos tur\u00edsticos e inmobiliarias.\",\"publisher\":{\"@id\":\"https:\\\/\\\/babelrooms.es\\\/#organization\"},\"potentialAction\":[{\"@type\":\"SearchAction\",\"target\":{\"@type\":\"EntryPoint\",\"urlTemplate\":\"https:\\\/\\\/babelrooms.es\\\/?s={search_term_string}\"},\"query-input\":{\"@type\":\"PropertyValueSpecification\",\"valueRequired\":true,\"valueName\":\"search_term_string\"}}],\"inLanguage\":\"en-US\"},{\"@type\":\"Organization\",\"@id\":\"https:\\\/\\\/babelrooms.es\\\/#organization\",\"name\":\"Babelrooms\",\"url\":\"https:\\\/\\\/babelrooms.es\\\/\",\"logo\":{\"@type\":\"ImageObject\",\"inLanguage\":\"en-US\",\"@id\":\"https:\\\/\\\/babelrooms.es\\\/#\\\/schema\\\/logo\\\/image\\\/\",\"url\":\"https:\\\/\\\/babelrooms.es\\\/wp-content\\\/uploads\\\/2021\\\/03\\\/Logo-120x120-optmizado-min.png\",\"contentUrl\":\"https:\\\/\\\/babelrooms.es\\\/wp-content\\\/uploads\\\/2021\\\/03\\\/Logo-120x120-optmizado-min.png\",\"width\":120,\"height\":120,\"caption\":\"Babelrooms\"},\"image\":{\"@id\":\"https:\\\/\\\/babelrooms.es\\\/#\\\/schema\\\/logo\\\/image\\\/\"},\"sameAs\":[\"https:\\\/\\\/www.facebook.com\\\/apartamentosbabelmalaga\\\/\",\"https:\\\/\\\/www.instagram.com\\\/apartamentosbabelmalaga\\\/\"]}]}<\/script>\n<!-- \/ Yoast SEO plugin. -->","yoast_head_json":{"title":"Aviso legal - Babel Rooms","description":"De conformidad con lo dispuesto en el Reglamento General (UE) Sobre Protecci\u00f3n de Datos, mediante la aceptaci\u00f3n de la presente Pol\u00edtica de Privacidad","robots":{"index":"index","follow":"nofollow","max-snippet":"max-snippet:-1","max-image-preview":"max-image-preview:large","max-video-preview":"max-video-preview:-1"},"canonical":"https:\/\/babelrooms.es\/en\/aviso-legal\/","og_locale":"en_US","og_type":"article","og_title":"Aviso legal - Babel Rooms","og_description":"De conformidad con lo dispuesto en el Reglamento General (UE) Sobre Protecci\u00f3n de Datos, mediante la aceptaci\u00f3n de la presente Pol\u00edtica de Privacidad","og_url":"https:\/\/babelrooms.es\/en\/aviso-legal\/","og_site_name":"Babel Rooms","article_publisher":"https:\/\/www.facebook.com\/apartamentosbabelmalaga\/","article_modified_time":"2021-04-26T00:39:47+00:00","og_image":[{"width":300,"height":300,"url":"https:\/\/babelrooms.es\/wp-content\/uploads\/2020\/06\/Circulo-BR-Rojo-BabelRooms.png","type":"image\/png"}],"twitter_card":"summary_large_image","twitter_misc":{"Est. reading time":"5 minutes"},"schema":{"@context":"https:\/\/schema.org","@graph":[{"@type":"WebPage","@id":"https:\/\/babelrooms.es\/aviso-legal\/","url":"https:\/\/babelrooms.es\/aviso-legal\/","name":"Aviso legal - Babel Rooms","isPartOf":{"@id":"https:\/\/babelrooms.es\/#website"},"datePublished":"2021-03-02T10:45:48+00:00","dateModified":"2021-04-26T00:39:47+00:00","description":"De conformidad con lo dispuesto en el Reglamento General (UE) Sobre Protecci\u00f3n de Datos, mediante la aceptaci\u00f3n de la presente Pol\u00edtica de Privacidad","breadcrumb":{"@id":"https:\/\/babelrooms.es\/aviso-legal\/#breadcrumb"},"inLanguage":"en-US","potentialAction":[{"@type":"ReadAction","target":["https:\/\/babelrooms.es\/aviso-legal\/"]}]},{"@type":"BreadcrumbList","@id":"https:\/\/babelrooms.es\/aviso-legal\/#breadcrumb","itemListElement":[{"@type":"ListItem","position":1,"name":"Portada","item":"https:\/\/babelrooms.es\/"},{"@type":"ListItem","position":2,"name":"Aviso legal"}]},{"@type":"WebSite","@id":"https:\/\/babelrooms.es\/#website","url":"https:\/\/babelrooms.es\/","name":"Babel Rooms","description":"Gestiones apartamentos tur\u00edsticos e inmobiliarias.","publisher":{"@id":"https:\/\/babelrooms.es\/#organization"},"potentialAction":[{"@type":"SearchAction","target":{"@type":"EntryPoint","urlTemplate":"https:\/\/babelrooms.es\/?s={search_term_string}"},"query-input":{"@type":"PropertyValueSpecification","valueRequired":true,"valueName":"search_term_string"}}],"inLanguage":"en-US"},{"@type":"Organization","@id":"https:\/\/babelrooms.es\/#organization","name":"Babelrooms","url":"https:\/\/babelrooms.es\/","logo":{"@type":"ImageObject","inLanguage":"en-US","@id":"https:\/\/babelrooms.es\/#\/schema\/logo\/image\/","url":"https:\/\/babelrooms.es\/wp-content\/uploads\/2021\/03\/Logo-120x120-optmizado-min.png","contentUrl":"https:\/\/babelrooms.es\/wp-content\/uploads\/2021\/03\/Logo-120x120-optmizado-min.png","width":120,"height":120,"caption":"Babelrooms"},"image":{"@id":"https:\/\/babelrooms.es\/#\/schema\/logo\/image\/"},"sameAs":["https:\/\/www.facebook.com\/apartamentosbabelmalaga\/","https:\/\/www.instagram.com\/apartamentosbabelmalaga\/"]}]}},"_links":{"self":[{"href":"https:\/\/babelrooms.es\/en\/wp-json\/wp\/v2\/pages\/1864","targetHints":{"allow":["GET"]}}],"collection":[{"href":"https:\/\/babelrooms.es\/en\/wp-json\/wp\/v2\/pages"}],"about":[{"href":"https:\/\/babelrooms.es\/en\/wp-json\/wp\/v2\/types\/page"}],"author":[{"embeddable":true,"href":"https:\/\/babelrooms.es\/en\/wp-json\/wp\/v2\/users\/3"}],"replies":[{"embeddable":true,"href":"https:\/\/babelrooms.es\/en\/wp-json\/wp\/v2\/comments?post=1864"}],"version-history":[{"count":0,"href":"https:\/\/babelrooms.es\/en\/wp-json\/wp\/v2\/pages\/1864\/revisions"}],"wp:attachment":[{"href":"https:\/\/babelrooms.es\/en\/wp-json\/wp\/v2\/media?parent=1864"}],"curies":[{"name":"wp","href":"https:\/\/api.w.org\/{rel}","templated":true}]}}