{"id":10,"date":"2019-02-03T15:08:20","date_gmt":"2019-02-03T15:08:20","guid":{"rendered":"http:\/\/localhost\/wordpress\/?page_id=10"},"modified":"2021-04-26T00:33:15","modified_gmt":"2021-04-26T00:33:15","slug":"politica-de-cookies","status":"publish","type":"page","link":"https:\/\/babelrooms.es\/en\/politica-de-cookies\/","title":{"rendered":"Pol\u00edtica de cookies"},"content":{"rendered":"<p>Tras una auditor\u00eda realizada para la informaci\u00f3n sobre las Cookies que se usan en esta web, te informamos:<\/p>\n\n\n\n<h1 class=\"wp-block-heading\" id=\"h-nuestra-pol-tica-de-cookies\"><strong>NUESTRA POL\u00cdTICA DE COOKIES&nbsp;<\/strong><\/h1>\n\n\n\n<p>La LSSI-CE, &nbsp;obliga a todos los que tenemos un blog o una web&nbsp;a&nbsp;<strong>advertir&nbsp;al usuario de la existencia de cookies, informar sobre ellas y requerirle permiso para descargarlas.<\/strong><\/p>\n\n\n\n<p>Siguiendo lo establecido en el art. 22.2 de la Ley 34\/2002<em>. \u201cLos prestadores de servicios podr\u00e1n utilizar dispositivos de almacenamiento y recuperaci\u00f3n de datos en equipos terminales de los destinatarios, a condici\u00f3n de que los mismos&nbsp;<\/em><strong>hayan dado su consentimiento despu\u00e9s de que se les haya facilitado informaci\u00f3n clara y completa sobre su utilizaci\u00f3n<\/strong><em>, en particular, sobre los fines del tratamiento de los datos, con arreglo a lo dispuesto en la Ley Org\u00e1nica 15\/1999, de 13 de diciembre, de Protecci\u00f3n de Datos de Car\u00e1cter Personal\u201d.<\/em><\/p>\n\n\n\n<p>Debes conocer que teniendo en cuenta la forma en la que funciona Internet y los sitios web,&nbsp;no siempre es posible contar con informaci\u00f3n actualizada de las cookies que terceras partes puedan utilizar a trav\u00e9s de este sitio web.<\/p>\n\n\n\n<p>Esto se aplica especialmente a casos en los que esta p\u00e1gina web contiene elementos integrados: es decir, textos, documentos, im\u00e1genes o breves pel\u00edculas que se almacenan en otra parte, pero se muestran en nuestro sitio web.<\/p>\n\n\n\n<p>Por consiguiente, en caso de que te encuentres con este tipo de cookies en este sitio web y no est\u00e9n enumeradas en la lista siguiente, te ruego que me lo comuniques. Tambi\u00e9n puedes ponerte en contacto directamente con el tercero para pedirle informaci\u00f3n sobre las cookies que coloca, la finalidad y la duraci\u00f3n de la cookie, y c\u00f3mo ha garantizado su privacidad.<\/p>\n\n\n\n<p><strong> \u00bfQu\u00e9 son las Cookies?<\/strong><\/p>\n\n\n\n<p>Las cookies constituyen una herramienta empleada por los servidores Web para almacenar y recuperar informaci\u00f3n acerca de sus visitantes. No es m\u00e1s que un fichero de texto que algunos servidores piden a nuestro navegador que escriba en nuestro disco duro, con informaci\u00f3n acerca de lo que hemos estado haciendo por sus p\u00e1ginas. Poseen una fecha de caducidad, que puede oscilar desde el tiempo que dure la sesi\u00f3n hasta una fecha futura especificada, a partir de la cual dejan de ser operativa.&nbsp;<\/p>\n\n\n\n<p><strong>Tipos de cookies:<\/strong><\/p>\n\n\n\n<figure class=\"wp-block-table\"><table><tbody><tr><td>Cookies anal\u00edticas:<\/td><td>Estas cookies se utilizan para analizar el comportamiento de los usuarios de forma agregada y an\u00f3nima incluyendo el n\u00famero de visitantes a la web y a diferentes fichas de producto, la procedencia de las visita, d\u00eda y hora, plataforma, numero de clics en una ficha, palabras de b\u00fasqueda que utiliza un usuario para encontrar su contenido deseado. De esta forma Atr\u00e1palo se sirve de un medio de gran utilidad para poder introducir mejoras en el sitio web y saber qu\u00e9 contenido o dise\u00f1o es m\u00e1s relevante para el usuario.<\/td><\/tr><tr><td>Cookies funcionales:<\/td><td>Son cookies que ayudan al usuario a tener una mejor experiencia de la navegaci\u00f3n por el sitio. Un ejemplo de uso de este tipo de cookies son las que se utilizan para almacenar los datos de la \u00faltima b\u00fasqueda de un producto para auto rellenar el buscador, el pa\u00eds, ciudad de preferencia y \u00faltimos productos consultados por el usuario.<\/td><\/tr><tr><td>Cookie de publicidad:<\/td><td>Utilizamos estas cookies con el fin de mostrar anuncios en otras p\u00e1ginas para ofrecer anuncios m\u00e1s adecuados a los intereses de los usuarios. En este caso tenemos tanto cookies propias como cookies almacenados por terceros. &nbsp;<\/td><\/tr><tr><td>Cookies t\u00e9cnicas:<\/td><td>Las cookies t\u00e9cnicas son necesarias para mostrar correctamente la p\u00e1gina web y garantizar el correcto funcionamiento del sitio. Estas cookies est\u00e1n relacionadas con la sesi\u00f3n del usuario, el login y la gesti\u00f3n de las reservas.<\/td><\/tr><tr><td>Cookies de comparaci\u00f3n:<\/td><td>Usamos este tipo de cookies para ofrecer el servicio de comparaci\u00f3n de precios con terceros y anuncios de terceros, que utilizan identificadores online para identificar a nuestros visitantes.<\/td><\/tr><\/tbody><\/table><\/figure>\n\n\n\n<h2 class=\"wp-block-heading\" id=\"h-1-autorizaci-n-para-el-uso-de-cookies\">1. Autorizaci\u00f3n para el uso de cookies<\/h2>\n\n\n\n<p>De conformidad con el aviso de cookies que aparece en el pie de p\u00e1gina del sitio web, el usuario o visitante de los mismos acepta que, al navegar por el mismo, consiente expresamente el uso de cookies seg\u00fan la descripci\u00f3n que se detalla a continuaci\u00f3n, excepto en la medida que haya modificado la configuraci\u00f3n de su navegador para rechazar la utilizaci\u00f3n de las mismas.<\/p>\n\n\n\n<h2 class=\"wp-block-heading\" id=\"h-2-tipos-de-cookies-que-se-utilizan-en-la-web\">2. Tipos&nbsp;de Cookies que se utilizan en la Web<\/h2>\n\n\n\n<p>El usuario que navega por la Web puede encontrar cookies insertadas directamente por el Titular, o bien cookies insertadas por entidades distintas a \u00e9sta, seg\u00fan lo detallado en los siguientes apartados.<\/p>\n\n\n\n<h3 class=\"wp-block-heading\" id=\"h-2-1-cookies-estrictamente-necesarias-insertadas-por-el-titular\">\u00b7&nbsp;&nbsp;2.1. Cookies estrictamente necesarias insertadas por el Titular<\/h3>\n\n\n\n<p>El Titular de la web utiliza cookies estrictamente necesarias que sirven para facilitar la correcta navegaci\u00f3n en el sitio Web, as\u00ed como para asegurar que el contenido de los mismos se carga eficazmente. Estas cookies son, adem\u00e1s, cookies de sesi\u00f3n es decir que tienen car\u00e1cter temporal y expiran y se borran autom\u00e1ticamente cuando el usuario cierra su navegador.<\/p>\n\n\n\n<h3 class=\"wp-block-heading\" id=\"h-2-2-cookies-de-terceros\">\u00b7&nbsp;&nbsp;2.2. Cookies&nbsp;de terceros<\/h3>\n\n\n\n<p>A continuaci\u00f3n, se detallan las entidades distintas a el Titular que utilizan cookies en el sitio Web, as\u00ed como las finalidades de las mismas:<\/p>\n\n\n\n<p><strong><strong>Cookies de redes sociales:<\/strong>&nbsp;<\/strong>el Titular utiliza cookies de redes sociales como: Facebook, Twitter, Instagram, LinkedIn, Google Plus, etc para que el usuario pueda compartir contenidos de la Web en las citadas redes sociales, o bien para facilitar el registro en la Web, de forma que con los datos de los usuarios han facilitado las redes sociales puedan cumplimentar directamente los campos del formulario de registro en la Web.<\/p>\n\n\n\n<p><strong><strong>Cookies para la medici\u00f3n del tr\u00e1fico en los&nbsp;Portales:&nbsp;<\/strong><\/strong>el Titular utiliza cookies de Google Analitycs para recopilar datos estad\u00edsticos de la actividad de los usuarios en el sitio Web y, de este modo, poder mejorar los servicios prestados a los usuarios. Estas cookies permiten analizar el tr\u00e1fico de usuarios generando un ID de usuario an\u00f3nimo que se utiliza para medir cu\u00e1ntas veces visita el Sitio un usuario. Asimismo, registra cu\u00e1ndo fue la primera y \u00faltima vez que visit\u00f3 la Web, cu\u00e1ndo se ha terminado una sesi\u00f3n y el origen del usuario.<\/p>\n\n\n\n<p><strong>Cookies con finalidad publicitaria:<\/strong>&nbsp;Adconion, Google Adsense y Dobleclick insertan cookies a los usuarios de la Web para mostrarles contenidos publicitarios afines a los mismos, bas\u00e1ndose en las interacciones previas de los usuarios, las visitas al sitio web del anunciante, IP de origen etc. De este modo, con los datos que se recopilan a partir de las cookies, los anuncios mostrados en el sitio Web se publican y administran m\u00e1s eficientemente.<\/p>\n\n\n\n<p>En el siguiente enlace puede ver <a href=\"http:\/\/www.google.com\/intl\/es\/policies\/privacy\/partners\/\" target=\"_blank\" rel=\"noreferrer noopener\">C\u00f3mo usa Google los datos cuando utilizas las aplicaciones o los sitios web de nuestros partners<\/a>.<\/p>\n\n\n\n<p>Las cookies de esta web ayudan a:<\/p>\n\n\n\n<ul class=\"wp-block-list\"><li>Hacer que esta web funcione correctamente<\/li><li>Ahorrarle el tener que iniciar sesi\u00f3n cada vez que visitas este sitio<\/li><li>Recordarte tus ajustes durante y entre las visitas<\/li><li>Permitirte visualizar videos<\/li><li>Mejorar la velocidad \/ seguridad del sitio<\/li><li>Que pueda compartir p\u00e1ginas con redes sociales&nbsp;<\/li><li>Mejorar continuamente de este sitio web<\/li><li>Mostrarte anuncios en funci\u00f3n de tus h\u00e1bitos de navegaci\u00f3n<\/li><\/ul>\n\n\n\n<h2 class=\"wp-block-heading\" id=\"h-3-configuraci-n-del-navegador\">3. Configuraci\u00f3n del navegador<\/h2>\n\n\n\n<p>El Titular recuerda a sus usuarios que el uso de cookies podr\u00e1 estar sujeto a su aceptaci\u00f3n durante la instalaci\u00f3n o actualizaci\u00f3n del navegador utilizado por \u00e9stos. Esta aceptaci\u00f3n podr\u00e1 ser revocada mediante las opciones de configuraci\u00f3n de contenidos y privacidad disponibles en el mismo.<\/p>\n\n\n\n<p>El usuario puede libremente decidir acerca de la implantaci\u00f3n o no en su disco duro de las cookies empleadas en <strong>babelrooms.net<\/strong>. En este sentido, el usuario puede configurar su navegador para aceptar o rechazar por defecto todas las cookies o para recibir un aviso en pantalla de la recepci\u00f3n de cada cookie y decidir en ese momento su implantaci\u00f3n o no en su disco duro.<\/p>\n\n\n\n<p><strong>\u00bfC\u00f3mo puedo obtener m\u00e1s informaci\u00f3n acerca de las cookies, administrarlas y, en su caso, eliminarlas?<\/strong><\/p>\n\n\n\n<p>Si te diriges a la configuraci\u00f3n del navegador que tienes instalado en tu terminal, tienes la posibilidad de seleccionar qu\u00e9 cookies quieres aceptar y cuales rechazar. Para mayor informaci\u00f3n al respecto, puedes dirigirte al link: <a href=\"https:\/\/support.google.com\/accounts\/answer\/32050?hl=es\">https:\/\/support.google.com\/accounts\/answer\/32050?hl=es<\/a>. El Titular recomienda a sus usuarios que consulten la ayuda de su navegador o acceda a las p\u00e1ginas web de ayuda de los principales navegadores:<\/p>\n\n\n\n<ul class=\"wp-block-list\"><li>Firefox:&nbsp;<a href=\"http:\/\/support.mozilla.org\/es\/home\">http:\/\/support.mozilla.org\/es\/home<\/a><\/li><li>Internet Explorer:&nbsp;<a href=\"http:\/\/support.microsoft.com\/ph\/807\/es-es\">http:\/\/support.microsoft.com\/ph\/807\/es-es<\/a><\/li><li>Safari:&nbsp;<a href=\"http:\/\/support.apple.com\/kb\/HT1677?viewlocale=es_ES\">http:\/\/support.apple.com\/kb\/HT1677?viewlocale=es_ES<\/a><\/li><li>Opera:&nbsp;<a href=\"http:\/\/help.opera.com\/Windows\/8.54\/es-ES\/index.html\">http:\/\/help.opera.com\/Windows\/8.54\/es-ES\/index.html<\/a><\/li><li>Chrome:&nbsp;<a href=\"https:\/\/support.google.com\/chrome\/?hl=es\">https:\/\/support.google.com\/chrome\/?hl=es<\/a><\/li><\/ul>\n\n\n\n<p>Ten en cuenta que, si deshabilitas las cookies es posible que tengas problemas en el acceso y navegaci\u00f3n en la web, as\u00ed como en la contrataci\u00f3n de nuestros servicios.<\/p>\n\n\n\n<h2 class=\"wp-block-heading\" id=\"h-4-las-cookies-que-utiliza-esta-web-babelrooms-net\">4. Las cookies que utiliza esta web: babelrooms.net<\/h2>\n\n\n\n<p>En esta web se utilizan cookies&nbsp;<strong>propias y de terceros<\/strong>&nbsp;para conseguir que tengas una mejor experiencia de navegaci\u00f3n, puedas compartir contenido en redes sociales, para mostrarte anuncios en funci\u00f3n a tus intereses y para obtener estad\u00edsticas de usuarios.<\/p>\n\n\n\n<p>Por ello, las cookies empleadas en el sitio de wordpress: <strong>vitocontreras.es<\/strong> se asocian \u00fanicamente con un Usuario an\u00f3nimo y su ordenador, no proporcionan referencias que permitan deducir el nombre y apellidos del Usuario y no pueden leer datos de su disco duro ni incluir virus en sus textos. Asimismo,en&nbsp;<strong>vitocontreras.es<\/strong> no puede leer las cookies implantadas en el disco duro del Usuario desde otros servidores.<\/p>\n\n\n\n<p>Seg\u00fan los t\u00e9rminos incluidos en el art\u00edculo 22.2 de la Ley 34\/2002 de Servicios de la Sociedad de la Informaci\u00f3n y Comercio Electr\u00f3nico, si contin\u00faas navegando<strong>, estar\u00e1s prestando tu consentimiento<\/strong>&nbsp;para el empleo de las cookies que detallo a continuaci\u00f3n.<\/p>\n\n\n\n<p><strong>No utilizar\u00e9 jam\u00e1s cookies para:<\/strong><\/p>\n\n\n\n<p>\u00b7 Recoger informaci\u00f3n de identificaci\u00f3n personal (sin tu permiso expreso).<\/p>\n\n\n\n<p>\u00b7 Recoger informaci\u00f3n sensible (sin tu permiso expreso).<\/p>\n\n\n\n<p>\u00b7 Compartir datos de identificaci\u00f3n personal a terceros<\/p>\n\n\n\n<p>Si necesitas mayor informaci\u00f3n acerca del funcionamiento de las cookies, as\u00ed como la forma de eliminarlas, puedes dirigirte a los siguientes enlaces: <a href=\"http:\/\/www.aboutcookies.org\/\">www.aboutcookies.org<\/a> and <a href=\"http:\/\/www.allaboutcookies.org\/\">www.allaboutcookies.org<\/a><\/p>\n\n\n\n<p>Por otra parte, si quieres no ser rastreado por Google Analytics a trav\u00e9s de todas las p\u00e1ginas web, ve al siguiente link: <a href=\"http:\/\/tools.google.com\/dlpage\/gaoptout\">http:\/\/tools.google.com\/dlpage\/gaoptout<\/a><\/p>","protected":false},"excerpt":{"rendered":"<p>Tras una auditor\u00eda realizada para la informaci\u00f3n sobre las Cookies que se usan en esta web, te informamos: NUESTRA POL\u00cdTICA DE COOKIES&nbsp; La LSSI-CE, &nbsp;obliga a todos los que tenemos un blog o una web&nbsp;a&nbsp;advertir&nbsp;al usuario de la existencia de cookies, informar sobre ellas y requerirle permiso para descargarlas. Siguiendo lo establecido en el art. [&hellip;]<\/p>","protected":false},"author":3,"featured_media":0,"parent":0,"menu_order":0,"comment_status":"closed","ping_status":"closed","template":"","meta":{"_et_pb_use_builder":"","_et_pb_old_content":"","_et_gb_content_width":"","_monsterinsights_skip_tracking":false,"_monsterinsights_sitenote_active":false,"_monsterinsights_sitenote_note":"","_monsterinsights_sitenote_category":0,"footnotes":""},"class_list":["post-10","page","type-page","status-publish","hentry"],"yoast_head":"<!-- This site is optimized with the Yoast SEO plugin v27.4 - https:\/\/yoast.com\/product\/yoast-seo-wordpress\/ -->\n<title>Pol\u00edtica de cookies - Babel Rooms<\/title>\n<meta name=\"description\" content=\"Tras una auditor\u00eda realizada para la informaci\u00f3n sobre las Cookies que se usan en esta web, te informamos: NUESTRA POL\u00cdTICA DE COOKIES&nbsp; La\" \/>\n<meta name=\"robots\" content=\"noindex, follow\" \/>\n<meta property=\"og:locale\" content=\"en_US\" \/>\n<meta property=\"og:type\" content=\"article\" \/>\n<meta property=\"og:title\" content=\"Pol\u00edtica de cookies - Babel Rooms\" \/>\n<meta property=\"og:description\" content=\"Tras una auditor\u00eda realizada para la informaci\u00f3n sobre las Cookies que se usan en esta web, te informamos: NUESTRA POL\u00cdTICA DE COOKIES&nbsp; La\" \/>\n<meta property=\"og:url\" content=\"https:\/\/babelrooms.es\/en\/politica-de-cookies\/\" \/>\n<meta property=\"og:site_name\" content=\"Babel Rooms\" \/>\n<meta property=\"article:publisher\" content=\"https:\/\/www.facebook.com\/apartamentosbabelmalaga\/\" \/>\n<meta property=\"article:modified_time\" content=\"2021-04-26T00:33:15+00:00\" \/>\n<meta property=\"og:image\" content=\"https:\/\/babelrooms.es\/wp-content\/uploads\/2020\/06\/Circulo-BR-Rojo-BabelRooms.png\" \/>\n\t<meta property=\"og:image:width\" content=\"300\" \/>\n\t<meta property=\"og:image:height\" content=\"300\" \/>\n\t<meta property=\"og:image:type\" content=\"image\/png\" \/>\n<meta name=\"twitter:card\" content=\"summary_large_image\" \/>\n<meta name=\"twitter:label1\" content=\"Est. reading time\" \/>\n\t<meta name=\"twitter:data1\" content=\"8 minutes\" \/>\n<script type=\"application\/ld+json\" class=\"yoast-schema-graph\">{\"@context\":\"https:\\\/\\\/schema.org\",\"@graph\":[{\"@type\":\"WebPage\",\"@id\":\"https:\\\/\\\/babelrooms.es\\\/politica-de-cookies\\\/\",\"url\":\"https:\\\/\\\/babelrooms.es\\\/politica-de-cookies\\\/\",\"name\":\"Pol\u00edtica de cookies - Babel Rooms\",\"isPartOf\":{\"@id\":\"https:\\\/\\\/babelrooms.es\\\/#website\"},\"datePublished\":\"2019-02-03T15:08:20+00:00\",\"dateModified\":\"2021-04-26T00:33:15+00:00\",\"description\":\"Tras una auditor\u00eda realizada para la informaci\u00f3n sobre las Cookies que se usan en esta web, te informamos: NUESTRA POL\u00cdTICA DE COOKIES&nbsp; La\",\"breadcrumb\":{\"@id\":\"https:\\\/\\\/babelrooms.es\\\/politica-de-cookies\\\/#breadcrumb\"},\"inLanguage\":\"en-US\",\"potentialAction\":[{\"@type\":\"ReadAction\",\"target\":[\"https:\\\/\\\/babelrooms.es\\\/politica-de-cookies\\\/\"]}]},{\"@type\":\"BreadcrumbList\",\"@id\":\"https:\\\/\\\/babelrooms.es\\\/politica-de-cookies\\\/#breadcrumb\",\"itemListElement\":[{\"@type\":\"ListItem\",\"position\":1,\"name\":\"Portada\",\"item\":\"https:\\\/\\\/babelrooms.es\\\/\"},{\"@type\":\"ListItem\",\"position\":2,\"name\":\"Pol\u00edtica de cookies\"}]},{\"@type\":\"WebSite\",\"@id\":\"https:\\\/\\\/babelrooms.es\\\/#website\",\"url\":\"https:\\\/\\\/babelrooms.es\\\/\",\"name\":\"Babel Rooms\",\"description\":\"Gestiones apartamentos tur\u00edsticos e inmobiliarias.\",\"publisher\":{\"@id\":\"https:\\\/\\\/babelrooms.es\\\/#organization\"},\"potentialAction\":[{\"@type\":\"SearchAction\",\"target\":{\"@type\":\"EntryPoint\",\"urlTemplate\":\"https:\\\/\\\/babelrooms.es\\\/?s={search_term_string}\"},\"query-input\":{\"@type\":\"PropertyValueSpecification\",\"valueRequired\":true,\"valueName\":\"search_term_string\"}}],\"inLanguage\":\"en-US\"},{\"@type\":\"Organization\",\"@id\":\"https:\\\/\\\/babelrooms.es\\\/#organization\",\"name\":\"Babelrooms\",\"url\":\"https:\\\/\\\/babelrooms.es\\\/\",\"logo\":{\"@type\":\"ImageObject\",\"inLanguage\":\"en-US\",\"@id\":\"https:\\\/\\\/babelrooms.es\\\/#\\\/schema\\\/logo\\\/image\\\/\",\"url\":\"https:\\\/\\\/babelrooms.es\\\/wp-content\\\/uploads\\\/2021\\\/03\\\/Logo-120x120-optmizado-min.png\",\"contentUrl\":\"https:\\\/\\\/babelrooms.es\\\/wp-content\\\/uploads\\\/2021\\\/03\\\/Logo-120x120-optmizado-min.png\",\"width\":120,\"height\":120,\"caption\":\"Babelrooms\"},\"image\":{\"@id\":\"https:\\\/\\\/babelrooms.es\\\/#\\\/schema\\\/logo\\\/image\\\/\"},\"sameAs\":[\"https:\\\/\\\/www.facebook.com\\\/apartamentosbabelmalaga\\\/\",\"https:\\\/\\\/www.instagram.com\\\/apartamentosbabelmalaga\\\/\"]}]}<\/script>\n<!-- \/ Yoast SEO plugin. -->","yoast_head_json":{"title":"Pol\u00edtica de cookies - Babel Rooms","description":"Tras una auditor\u00eda realizada para la informaci\u00f3n sobre las Cookies que se usan en esta web, te informamos: NUESTRA POL\u00cdTICA DE COOKIES&nbsp; La","robots":{"index":"noindex","follow":"follow"},"og_locale":"en_US","og_type":"article","og_title":"Pol\u00edtica de cookies - Babel Rooms","og_description":"Tras una auditor\u00eda realizada para la informaci\u00f3n sobre las Cookies que se usan en esta web, te informamos: NUESTRA POL\u00cdTICA DE COOKIES&nbsp; La","og_url":"https:\/\/babelrooms.es\/en\/politica-de-cookies\/","og_site_name":"Babel Rooms","article_publisher":"https:\/\/www.facebook.com\/apartamentosbabelmalaga\/","article_modified_time":"2021-04-26T00:33:15+00:00","og_image":[{"width":300,"height":300,"url":"https:\/\/babelrooms.es\/wp-content\/uploads\/2020\/06\/Circulo-BR-Rojo-BabelRooms.png","type":"image\/png"}],"twitter_card":"summary_large_image","twitter_misc":{"Est. reading time":"8 minutes"},"schema":{"@context":"https:\/\/schema.org","@graph":[{"@type":"WebPage","@id":"https:\/\/babelrooms.es\/politica-de-cookies\/","url":"https:\/\/babelrooms.es\/politica-de-cookies\/","name":"Pol\u00edtica de cookies - Babel Rooms","isPartOf":{"@id":"https:\/\/babelrooms.es\/#website"},"datePublished":"2019-02-03T15:08:20+00:00","dateModified":"2021-04-26T00:33:15+00:00","description":"Tras una auditor\u00eda realizada para la informaci\u00f3n sobre las Cookies que se usan en esta web, te informamos: NUESTRA POL\u00cdTICA DE COOKIES&nbsp; La","breadcrumb":{"@id":"https:\/\/babelrooms.es\/politica-de-cookies\/#breadcrumb"},"inLanguage":"en-US","potentialAction":[{"@type":"ReadAction","target":["https:\/\/babelrooms.es\/politica-de-cookies\/"]}]},{"@type":"BreadcrumbList","@id":"https:\/\/babelrooms.es\/politica-de-cookies\/#breadcrumb","itemListElement":[{"@type":"ListItem","position":1,"name":"Portada","item":"https:\/\/babelrooms.es\/"},{"@type":"ListItem","position":2,"name":"Pol\u00edtica de cookies"}]},{"@type":"WebSite","@id":"https:\/\/babelrooms.es\/#website","url":"https:\/\/babelrooms.es\/","name":"Babel Rooms","description":"Gestiones apartamentos tur\u00edsticos e inmobiliarias.","publisher":{"@id":"https:\/\/babelrooms.es\/#organization"},"potentialAction":[{"@type":"SearchAction","target":{"@type":"EntryPoint","urlTemplate":"https:\/\/babelrooms.es\/?s={search_term_string}"},"query-input":{"@type":"PropertyValueSpecification","valueRequired":true,"valueName":"search_term_string"}}],"inLanguage":"en-US"},{"@type":"Organization","@id":"https:\/\/babelrooms.es\/#organization","name":"Babelrooms","url":"https:\/\/babelrooms.es\/","logo":{"@type":"ImageObject","inLanguage":"en-US","@id":"https:\/\/babelrooms.es\/#\/schema\/logo\/image\/","url":"https:\/\/babelrooms.es\/wp-content\/uploads\/2021\/03\/Logo-120x120-optmizado-min.png","contentUrl":"https:\/\/babelrooms.es\/wp-content\/uploads\/2021\/03\/Logo-120x120-optmizado-min.png","width":120,"height":120,"caption":"Babelrooms"},"image":{"@id":"https:\/\/babelrooms.es\/#\/schema\/logo\/image\/"},"sameAs":["https:\/\/www.facebook.com\/apartamentosbabelmalaga\/","https:\/\/www.instagram.com\/apartamentosbabelmalaga\/"]}]}},"_links":{"self":[{"href":"https:\/\/babelrooms.es\/en\/wp-json\/wp\/v2\/pages\/10","targetHints":{"allow":["GET"]}}],"collection":[{"href":"https:\/\/babelrooms.es\/en\/wp-json\/wp\/v2\/pages"}],"about":[{"href":"https:\/\/babelrooms.es\/en\/wp-json\/wp\/v2\/types\/page"}],"author":[{"embeddable":true,"href":"https:\/\/babelrooms.es\/en\/wp-json\/wp\/v2\/users\/3"}],"replies":[{"embeddable":true,"href":"https:\/\/babelrooms.es\/en\/wp-json\/wp\/v2\/comments?post=10"}],"version-history":[{"count":0,"href":"https:\/\/babelrooms.es\/en\/wp-json\/wp\/v2\/pages\/10\/revisions"}],"wp:attachment":[{"href":"https:\/\/babelrooms.es\/en\/wp-json\/wp\/v2\/media?parent=10"}],"curies":[{"name":"wp","href":"https:\/\/api.w.org\/{rel}","templated":true}]}}